{"id":7726,"date":"2023-04-05T11:37:08","date_gmt":"2023-04-05T11:37:08","guid":{"rendered":"https:\/\/herdadedoperu.loja-studio.com\/?page_id=7726"},"modified":"2023-04-05T13:53:16","modified_gmt":"2023-04-05T13:53:16","slug":"faca-ja-a-sua-encomenda-do-nosso-vinho","status":"publish","type":"page","link":"https:\/\/herdadedoperu.loja-studio.com\/en\/faca-ja-a-sua-encomenda-do-nosso-vinho\/","title":{"rendered":"Fa\u00e7a j\u00e1 a sua encomenda do nosso Vinho"},"content":{"rendered":"\t\t<div data-elementor-type=\"wp-page\" data-elementor-id=\"7726\" class=\"elementor elementor-7726\" data-elementor-post-type=\"page\">\n\t\t\t\t<div class=\"elementor-element elementor-element-1fa0a6c1 e-flex e-con-boxed e-con e-parent\" data-id=\"1fa0a6c1\" data-element_type=\"container\" data-e-type=\"container\">\n\t\t\t\t\t<div class=\"e-con-inner\">\n\t\t\t\t<div class=\"elementor-element elementor-element-359b90de elementor-widget elementor-widget-heading\" data-id=\"359b90de\" data-element_type=\"widget\" data-e-type=\"widget\" data-widget_type=\"heading.default\">\n\t\t\t\t<div class=\"elementor-widget-container\">\n\t\t\t\t\t<h2 class=\"elementor-heading-title elementor-size-default\">Encomende j\u00e1 o nosso Vinho<\/h2>\t\t\t\t<\/div>\n\t\t\t\t<\/div>\n\t\t\t\t<div class=\"elementor-element elementor-element-7cb3dde3 elementor-widget elementor-widget-text-editor\" data-id=\"7cb3dde3\" data-element_type=\"widget\" data-e-type=\"widget\" data-widget_type=\"text-editor.default\">\n\t\t\t\t<div class=\"elementor-widget-container\">\n\t\t\t\t\t\t\t\t\t<p>Preencha o formul\u00e1rio e indique-nos qual o vinho e a quantidade que deseja.<br \/>A nossa equipa entrar\u00e1 em contacto consigo assim que poss\u00edvel.<\/p><p>\t\t<div data-elementor-type=\"container\" data-elementor-id=\"7218\" class=\"elementor elementor-7218\" data-elementor-post-type=\"elementor_library\">\n\t\t\t\t<div class=\"elementor-element elementor-element-7efc196f e-flex e-con-boxed e-con e-parent\" data-id=\"7efc196f\" data-element_type=\"container\" data-e-type=\"container\">\n\t\t\t\t\t<div class=\"e-con-inner\">\n\t\t\t\t<div class=\"elementor-element elementor-element-5ca0b4db elementor-button-align-stretch elementor-widget elementor-widget-form\" data-id=\"5ca0b4db\" data-element_type=\"widget\" data-e-type=\"widget\" data-settings=\"{&quot;step_next_label&quot;:&quot;Next&quot;,&quot;step_previous_label&quot;:&quot;Previous&quot;,&quot;button_width&quot;:&quot;100&quot;,&quot;step_type&quot;:&quot;number_text&quot;,&quot;step_icon_shape&quot;:&quot;circle&quot;}\" data-widget_type=\"form.default\">\n\t\t\t\t<div class=\"elementor-widget-container\">\n\t\t\t\t\t\t\t<form class=\"elementor-form\" method=\"post\" id=\"herdade_do_peru\" name=\"Brito e Cunha Wines\" aria-label=\"Brito e Cunha Wines\">\n\t\t\t<input type=\"hidden\" name=\"post_id\" value=\"7218\"\/>\n\t\t\t<input type=\"hidden\" name=\"form_id\" value=\"5ca0b4db\"\/>\n\t\t\t<input type=\"hidden\" name=\"referer_title\" value=\"Fa\u00e7a j\u00e1 a sua encomenda do nosso Vinho\" \/>\n\n\t\t\t\t\t\t\t<input type=\"hidden\" name=\"queried_id\" value=\"7726\"\/>\n\t\t\t\n\t\t\t<div class=\"elementor-form-fields-wrapper elementor-labels-above\">\n\t\t\t\t\t\t\t\t<div class=\"elementor-field-type-text elementor-field-group elementor-column elementor-field-group-name elementor-col-100 elementor-field-required elementor-mark-required\">\n\t\t\t\t\t\t\t\t\t\t\t\t<label for=\"form-field-name\" class=\"elementor-field-label\">\n\t\t\t\t\t\t\t\tNome Completo\t\t\t\t\t\t\t<\/label>\n\t\t\t\t\t\t\t\t\t\t\t\t\t\t<input size=\"1\" type=\"text\" name=\"form_fields[name]\" id=\"form-field-name\" class=\"elementor-field elementor-size-md  elementor-field-textual\" required=\"required\">\n\t\t\t\t\t\t\t\t\t\t\t<\/div>\n\t\t\t\t\t\t\t\t<div class=\"elementor-field-type-email elementor-field-group elementor-column elementor-field-group-email elementor-col-100 elementor-field-required elementor-mark-required\">\n\t\t\t\t\t\t\t\t\t\t\t\t<label for=\"form-field-email\" class=\"elementor-field-label\">\n\t\t\t\t\t\t\t\tEmail\t\t\t\t\t\t\t<\/label>\n\t\t\t\t\t\t\t\t\t\t\t\t\t\t<input size=\"1\" type=\"email\" name=\"form_fields[email]\" id=\"form-field-email\" class=\"elementor-field elementor-size-md  elementor-field-textual\" required=\"required\">\n\t\t\t\t\t\t\t\t\t\t\t<\/div>\n\t\t\t\t\t\t\t\t<div class=\"elementor-field-type-tel elementor-field-group elementor-column elementor-field-group-tel elementor-col-100 elementor-field-required elementor-mark-required\">\n\t\t\t\t\t\t\t\t\t\t\t\t<label for=\"form-field-tel\" class=\"elementor-field-label\">\n\t\t\t\t\t\t\t\tTelefone\t\t\t\t\t\t\t<\/label>\n\t\t\t\t\t\t\t\t<input size=\"1\" type=\"tel\" name=\"form_fields[tel]\" id=\"form-field-tel\" class=\"elementor-field elementor-size-md  elementor-field-textual\" required=\"required\" pattern=\"[0-9()#&amp;+*-=.]+\" title=\"Only numbers and phone characters (#, -, *, etc) are accepted.\">\n\n\t\t\t\t\t\t<\/div>\n\t\t\t\t\t\t\t\t<div class=\"elementor-field-type-checkbox elementor-field-group elementor-column elementor-field-group-vinhos1 elementor-col-50\">\n\t\t\t\t\t\t\t\t\t\t\t\t<label for=\"form-field-vinhos1\" class=\"elementor-field-label\">\n\t\t\t\t\t\t\t\tVinhos\t\t\t\t\t\t\t<\/label>\n\t\t\t\t\t\t<div class=\"elementor-field-subgroup  \"><span class=\"elementor-field-option\"><input type=\"checkbox\" value=\" Private Collection - Tinto\" id=\"form-field-vinhos1-0\" name=\"form_fields[vinhos1][]\"> <label for=\"form-field-vinhos1-0\"> Private Collection &#8211; Tinto<\/label><\/span><span class=\"elementor-field-option\"><input type=\"checkbox\" value=\" Private Collection - Branco\" id=\"form-field-vinhos1-1\" name=\"form_fields[vinhos1][]\"> <label for=\"form-field-vinhos1-1\"> Private Collection &#8211; Branco<\/label><\/span><span class=\"elementor-field-option\"><input type=\"checkbox\" value=\"Herdade do Per\u00fa - Tinto\" id=\"form-field-vinhos1-2\" name=\"form_fields[vinhos1][]\"> <label for=\"form-field-vinhos1-2\">Herdade do Per\u00fa &#8211; Tinto<\/label><\/span><\/div>\t\t\t\t<\/div>\n\t\t\t\t\t\t\t\t<div class=\"elementor-field-type-checkbox elementor-field-group elementor-column elementor-field-group-vinhos2 elementor-col-50\">\n\t\t\t\t\t\t\t\t\t\t\t\t<label for=\"form-field-vinhos2\" class=\"elementor-field-label\">\n\t\t\t\t\t\t\t\t&nbsp; \t\t\t\t\t\t\t<\/label>\n\t\t\t\t\t\t<div class=\"elementor-field-subgroup  \"><span class=\"elementor-field-option\"><input type=\"checkbox\" value=\"Herdade do Per\u00fa - Branco\" id=\"form-field-vinhos2-0\" name=\"form_fields[vinhos2][]\"> <label for=\"form-field-vinhos2-0\">Herdade do Per\u00fa &#8211; Branco<\/label><\/span><span class=\"elementor-field-option\"><input type=\"checkbox\" value=\"Frederica - Ros\u00e9\" id=\"form-field-vinhos2-1\" name=\"form_fields[vinhos2][]\"> <label for=\"form-field-vinhos2-1\">Frederica &#8211; Ros\u00e9<\/label><\/span><\/div>\t\t\t\t<\/div>\n\t\t\t\t\t\t\t\t<div class=\"elementor-field-type-textarea elementor-field-group elementor-column elementor-field-group-quantidades elementor-col-100\">\n\t\t\t\t\t\t\t\t\t\t\t\t<label for=\"form-field-quantidades\" class=\"elementor-field-label\">\n\t\t\t\t\t\t\t\tQuantidades\t\t\t\t\t\t\t<\/label>\n\t\t\t\t\t\t<textarea class=\"elementor-field-textual elementor-field  elementor-size-md\" name=\"form_fields[quantidades]\" id=\"form-field-quantidades\" rows=\"4\" placeholder=\"Por favor indique a quantidade de cada vinho selecionado.\"><\/textarea>\t\t\t\t<\/div>\n\t\t\t\t\t\t\t\t<div class=\"elementor-field-group elementor-column elementor-field-type-submit elementor-col-100 e-form__buttons\">\n\t\t\t\t\t<button class=\"elementor-button elementor-size-md\" type=\"submit\">\n\t\t\t\t\t\t<span class=\"elementor-button-content-wrapper\">\n\t\t\t\t\t\t\t\t\t\t\t\t\t\t\t\t\t\t\t\t\t\t<span class=\"elementor-button-text\">Enviar<\/span>\n\t\t\t\t\t\t\t\t\t\t\t\t\t<\/span>\n\t\t\t\t\t<\/button>\n\t\t\t\t<\/div>\n\t\t\t<\/div>\n\t\t<\/form>\n\t\t\t\t\t\t<\/div>\n\t\t\t\t<\/div>\n\t\t\t\t\t<\/div>\n\t\t\t\t<\/div>\n\t\t\t\t<\/div>\n\t\t<\/p>\t\t\t\t\t\t\t\t<\/div>\n\t\t\t\t<\/div>\n\t\t\t\t\t<\/div>\n\t\t\t\t<\/div>\n\t\t\t\t<\/div>\n\t\t","protected":false},"excerpt":{"rendered":"<p>Encomende j\u00e1 o nosso Vinho Preencha o formul\u00e1rio e indique-nos qual o vinho e a quantidade que deseja.A nossa equipa entrar\u00e1 em contacto consigo assim que poss\u00edvel.<\/p>","protected":false},"author":2,"featured_media":0,"parent":0,"menu_order":0,"comment_status":"closed","ping_status":"closed","template":"elementor_header_footer","meta":{"_acf_changed":false,"footnotes":""},"class_list":["post-7726","page","type-page","status-publish","hentry"],"acf":[],"_links":{"self":[{"href":"https:\/\/herdadedoperu.loja-studio.com\/en\/wp-json\/wp\/v2\/pages\/7726","targetHints":{"allow":["GET"]}}],"collection":[{"href":"https:\/\/herdadedoperu.loja-studio.com\/en\/wp-json\/wp\/v2\/pages"}],"about":[{"href":"https:\/\/herdadedoperu.loja-studio.com\/en\/wp-json\/wp\/v2\/types\/page"}],"author":[{"embeddable":true,"href":"https:\/\/herdadedoperu.loja-studio.com\/en\/wp-json\/wp\/v2\/users\/2"}],"replies":[{"embeddable":true,"href":"https:\/\/herdadedoperu.loja-studio.com\/en\/wp-json\/wp\/v2\/comments?post=7726"}],"version-history":[{"count":0,"href":"https:\/\/herdadedoperu.loja-studio.com\/en\/wp-json\/wp\/v2\/pages\/7726\/revisions"}],"wp:attachment":[{"href":"https:\/\/herdadedoperu.loja-studio.com\/en\/wp-json\/wp\/v2\/media?parent=7726"}],"curies":[{"name":"wp","href":"https:\/\/api.w.org\/{rel}","templated":true}]}}