{"id":516,"date":"2020-08-10T10:08:27","date_gmt":"2020-08-10T10:08:27","guid":{"rendered":"http:\/\/grada.wp\/vara\/?page_id=516"},"modified":"2026-02-17T14:07:04","modified_gmt":"2026-02-17T14:07:04","slug":"about-us","status":"publish","type":"page","link":"https:\/\/herdadedoperu.loja-studio.com\/en\/about-us\/","title":{"rendered":"About Us"},"content":{"rendered":"<div data-elementor-type=\"wp-page\" data-elementor-id=\"516\" class=\"elementor elementor-516\" data-elementor-post-type=\"page\">\n\t\t\t\t<div class=\"elementor-element elementor-element-c3c59bd e-con-full e-flex e-con e-parent\" data-id=\"c3c59bd\" data-element_type=\"container\" data-e-type=\"container\" data-settings=\"{&quot;background_background&quot;:&quot;classic&quot;}\">\n\t\t\t\t<\/div>\n\t\t<div class=\"elementor-element elementor-element-4aad2c6f e-flex e-con-boxed e-con e-parent\" data-id=\"4aad2c6f\" data-element_type=\"container\" data-e-type=\"container\" data-settings=\"{&quot;background_background&quot;:&quot;classic&quot;}\">\n\t\t\t\t\t<div class=\"e-con-inner\">\n\t\t<div class=\"elementor-element elementor-element-1055884a e-con-full e-flex e-con e-child\" data-id=\"1055884a\" data-element_type=\"container\" data-e-type=\"container\">\n\t\t\t\t<div class=\"elementor-element elementor-element-63be4ce elementor-widget elementor-widget-image\" data-id=\"63be4ce\" data-element_type=\"widget\" data-e-type=\"widget\" data-widget_type=\"image.default\">\n\t\t\t\t<div class=\"elementor-widget-container\">\n\t\t\t\t\t\t\t\t\t\t\t\t\t\t\t<img decoding=\"async\" width=\"165\" height=\"61\" src=\"https:\/\/herdadedoperu.loja-studio.com\/wp-content\/uploads\/2023\/01\/Logo-CasaGrande.svg\" class=\"attachment-full size-full wp-image-6339\" alt=\"\" \/>\t\t\t\t\t\t\t\t\t\t\t\t\t\t\t<\/div>\n\t\t\t\t<\/div>\n\t\t\t\t<div class=\"elementor-element elementor-element-1e54e7be elementor-widget elementor-widget-heading\" data-id=\"1e54e7be\" data-element_type=\"widget\" data-e-type=\"widget\" data-widget_type=\"heading.default\">\n\t\t\t\t<div class=\"elementor-widget-container\">\n\t\t\t\t\t<h3 class=\"elementor-heading-title elementor-size-default\">Where sophistication<br> meets simplicity<\/h3>\t\t\t\t<\/div>\n\t\t\t\t<\/div>\n\t\t\t\t<\/div>\n\t\t\t\t\t<\/div>\n\t\t\t\t<\/div>\n\t\t<div class=\"elementor-element elementor-element-6aca2b43 e-con-full e-flex e-con e-parent\" data-id=\"6aca2b43\" data-element_type=\"container\" data-e-type=\"container\">\n\t\t<div class=\"elementor-element elementor-element-34f7b6ce e-flex e-con-boxed e-con e-child\" data-id=\"34f7b6ce\" data-element_type=\"container\" data-e-type=\"container\">\n\t\t\t\t\t<div class=\"e-con-inner\">\n\t\t\t\t<div class=\"elementor-element elementor-element-55fc80d4 elementor-widget elementor-widget-image\" data-id=\"55fc80d4\" data-element_type=\"widget\" data-e-type=\"widget\" data-widget_type=\"image.default\">\n\t\t\t\t<div class=\"elementor-widget-container\">\n\t\t\t\t\t\t\t\t\t\t\t\t\t\t\t<img fetchpriority=\"high\" decoding=\"async\" width=\"2304\" height=\"1536\" src=\"https:\/\/herdadedoperu.loja-studio.com\/wp-content\/uploads\/2020\/08\/Casa-Grande-012-co\u0301pia.jpg\" class=\"attachment-full size-full wp-image-2916\" alt=\"\" srcset=\"https:\/\/herdadedoperu.loja-studio.com\/wp-content\/uploads\/2020\/08\/Casa-Grande-012-co\u0301pia.jpg 2304w, https:\/\/herdadedoperu.loja-studio.com\/wp-content\/uploads\/2020\/08\/Casa-Grande-012-co\u0301pia-300x200.jpg 300w, https:\/\/herdadedoperu.loja-studio.com\/wp-content\/uploads\/2020\/08\/Casa-Grande-012-co\u0301pia-1024x683.jpg 1024w, https:\/\/herdadedoperu.loja-studio.com\/wp-content\/uploads\/2020\/08\/Casa-Grande-012-co\u0301pia-768x512.jpg 768w, https:\/\/herdadedoperu.loja-studio.com\/wp-content\/uploads\/2020\/08\/Casa-Grande-012-co\u0301pia-1536x1024.jpg 1536w, https:\/\/herdadedoperu.loja-studio.com\/wp-content\/uploads\/2020\/08\/Casa-Grande-012-co\u0301pia-2048x1365.jpg 2048w\" sizes=\"(max-width: 2304px) 100vw, 2304px\" \/>\t\t\t\t\t\t\t\t\t\t\t\t\t\t\t<\/div>\n\t\t\t\t<\/div>\n\t\t\t\t\t<\/div>\n\t\t\t\t<\/div>\n\t\t<div class=\"elementor-element elementor-element-3e0f0ba7 e-flex e-con-boxed e-con e-child\" data-id=\"3e0f0ba7\" data-element_type=\"container\" data-e-type=\"container\">\n\t\t\t\t\t<div class=\"e-con-inner\">\n\t\t\t\t<div class=\"elementor-element elementor-element-2907600c elementor-widget elementor-widget-heading\" data-id=\"2907600c\" data-element_type=\"widget\" data-e-type=\"widget\" data-widget_type=\"heading.default\">\n\t\t\t\t<div class=\"elementor-widget-container\">\n\t\t\t\t\t<h2 class=\"elementor-heading-title elementor-size-default\">Vision<\/h2>\t\t\t\t<\/div>\n\t\t\t\t<\/div>\n\t\t\t\t<div class=\"elementor-element elementor-element-38b91301 elementor-widget elementor-widget-text-editor\" data-id=\"38b91301\" data-element_type=\"widget\" data-e-type=\"widget\" data-widget_type=\"text-editor.default\">\n\t\t\t\t<div class=\"elementor-widget-container\">\n\t\t\t\t\t\t\t\t\tThe Casa Grande opens to tourism with the aim of offering memorable stays of superior comfort level, where nothing is left to chance. The architecture and design of the accommodations underscore this purpose, as well as every detail, from the breakfast menu to the decoration and the possibility to request personalized experiences.\n\t\t\t\t\t\t\t\t<\/div>\n\t\t\t\t<\/div>\n\t\t\t\t\t<\/div>\n\t\t\t\t<\/div>\n\t\t\t\t<\/div>\n\t\t<div class=\"elementor-element elementor-element-fb5536b e-con-full e-flex e-con e-parent\" data-id=\"fb5536b\" data-element_type=\"container\" data-e-type=\"container\">\n\t\t<div class=\"elementor-element elementor-element-f5ee5c7 e-flex e-con-boxed e-con e-child\" data-id=\"f5ee5c7\" data-element_type=\"container\" data-e-type=\"container\">\n\t\t\t\t\t<div class=\"e-con-inner\">\n\t\t\t\t<div class=\"elementor-element elementor-element-2befb64 elementor-widget elementor-widget-heading\" data-id=\"2befb64\" data-element_type=\"widget\" data-e-type=\"widget\" data-widget_type=\"heading.default\">\n\t\t\t\t<div class=\"elementor-widget-container\">\n\t\t\t\t\t<h2 class=\"elementor-heading-title elementor-size-default\">Homesteads<\/h2>\t\t\t\t<\/div>\n\t\t\t\t<\/div>\n\t\t\t\t<div class=\"elementor-element elementor-element-62d6837 elementor-widget elementor-widget-text-editor\" data-id=\"62d6837\" data-element_type=\"widget\" data-e-type=\"widget\" data-widget_type=\"text-editor.default\">\n\t\t\t\t<div class=\"elementor-widget-container\">\n\t\t\t\t\t\t\t\t\t<p>The legendary Herdade do Per\u00fa - which includes accommodation services, wine production, unique events, and experiences - is now associated with Casas da Comporta, a minimalist rural tourism retreat ideal for pausing, breathing, and embarking on a fresh start. Both have one thing in common: an incredible view of the stunning Serra da Arr\u00e1bida.<\/p>\t\t\t\t\t\t\t\t<\/div>\n\t\t\t\t<\/div>\n\t\t\t\t\t<\/div>\n\t\t\t\t<\/div>\n\t\t<div class=\"elementor-element elementor-element-92be71b e-flex e-con-boxed e-con e-child\" data-id=\"92be71b\" data-element_type=\"container\" data-e-type=\"container\">\n\t\t\t\t\t<div class=\"e-con-inner\">\n\t\t\t\t<div class=\"elementor-element elementor-element-6a84553 elementor-widget elementor-widget-image\" data-id=\"6a84553\" data-element_type=\"widget\" data-e-type=\"widget\" data-widget_type=\"image.default\">\n\t\t\t\t<div class=\"elementor-widget-container\">\n\t\t\t\t\t\t\t\t\t\t\t\t\t\t\t<img decoding=\"async\" width=\"2560\" height=\"2560\" src=\"https:\/\/herdadedoperu.loja-studio.com\/wp-content\/uploads\/2024\/02\/Optimized-photo-3-scaled.jpg\" class=\"attachment-full size-full wp-image-8924\" alt=\"\" srcset=\"https:\/\/herdadedoperu.loja-studio.com\/wp-content\/uploads\/2024\/02\/Optimized-photo-3-scaled.jpg 2560w, https:\/\/herdadedoperu.loja-studio.com\/wp-content\/uploads\/2024\/02\/Optimized-photo-3-300x300.jpg 300w, https:\/\/herdadedoperu.loja-studio.com\/wp-content\/uploads\/2024\/02\/Optimized-photo-3-1024x1024.jpg 1024w, https:\/\/herdadedoperu.loja-studio.com\/wp-content\/uploads\/2024\/02\/Optimized-photo-3-150x150.jpg 150w, https:\/\/herdadedoperu.loja-studio.com\/wp-content\/uploads\/2024\/02\/Optimized-photo-3-768x768.jpg 768w, https:\/\/herdadedoperu.loja-studio.com\/wp-content\/uploads\/2024\/02\/Optimized-photo-3-1536x1536.jpg 1536w, https:\/\/herdadedoperu.loja-studio.com\/wp-content\/uploads\/2024\/02\/Optimized-photo-3-2048x2048.jpg 2048w, https:\/\/herdadedoperu.loja-studio.com\/wp-content\/uploads\/2024\/02\/Optimized-photo-3-12x12.jpg 12w, https:\/\/herdadedoperu.loja-studio.com\/wp-content\/uploads\/2024\/02\/Optimized-photo-3-500x500.jpg 500w, https:\/\/herdadedoperu.loja-studio.com\/wp-content\/uploads\/2024\/02\/Optimized-photo-3-1000x1000.jpg 1000w\" sizes=\"(max-width: 2560px) 100vw, 2560px\" \/>\t\t\t\t\t\t\t\t\t\t\t\t\t\t\t<\/div>\n\t\t\t\t<\/div>\n\t\t\t\t\t<\/div>\n\t\t\t\t<\/div>\n\t\t\t\t<\/div>\n\t\t<div class=\"elementor-element elementor-element-9afe6b5 e-con-full e-flex e-con e-parent\" data-id=\"9afe6b5\" data-element_type=\"container\" data-e-type=\"container\">\n\t\t<div class=\"elementor-element elementor-element-62794bc e-flex e-con-boxed e-con e-child\" data-id=\"62794bc\" data-element_type=\"container\" data-e-type=\"container\">\n\t\t\t\t\t<div class=\"e-con-inner\">\n\t\t\t\t<div class=\"elementor-element elementor-element-af7996a elementor-widget elementor-widget-image\" data-id=\"af7996a\" data-element_type=\"widget\" data-e-type=\"widget\" data-widget_type=\"image.default\">\n\t\t\t\t<div class=\"elementor-widget-container\">\n\t\t\t\t\t\t\t\t\t\t\t\t\t\t\t<img loading=\"lazy\" decoding=\"async\" width=\"1706\" height=\"2073\" src=\"https:\/\/herdadedoperu.loja-studio.com\/wp-content\/uploads\/2024\/02\/Optimized-photo-5-scaled-e1708345630528.jpg\" class=\"attachment-full size-full wp-image-8928\" alt=\"\" srcset=\"https:\/\/herdadedoperu.loja-studio.com\/wp-content\/uploads\/2024\/02\/Optimized-photo-5-scaled-e1708345630528.jpg 1706w, https:\/\/herdadedoperu.loja-studio.com\/wp-content\/uploads\/2024\/02\/Optimized-photo-5-scaled-e1708345630528-247x300.jpg 247w, https:\/\/herdadedoperu.loja-studio.com\/wp-content\/uploads\/2024\/02\/Optimized-photo-5-scaled-e1708345630528-843x1024.jpg 843w, https:\/\/herdadedoperu.loja-studio.com\/wp-content\/uploads\/2024\/02\/Optimized-photo-5-scaled-e1708345630528-768x933.jpg 768w, https:\/\/herdadedoperu.loja-studio.com\/wp-content\/uploads\/2024\/02\/Optimized-photo-5-scaled-e1708345630528-1264x1536.jpg 1264w, https:\/\/herdadedoperu.loja-studio.com\/wp-content\/uploads\/2024\/02\/Optimized-photo-5-scaled-e1708345630528-1685x2048.jpg 1685w, https:\/\/herdadedoperu.loja-studio.com\/wp-content\/uploads\/2024\/02\/Optimized-photo-5-scaled-e1708345630528-10x12.jpg 10w\" sizes=\"(max-width: 1706px) 100vw, 1706px\" \/>\t\t\t\t\t\t\t\t\t\t\t\t\t\t\t<\/div>\n\t\t\t\t<\/div>\n\t\t\t\t\t<\/div>\n\t\t\t\t<\/div>\n\t\t<div class=\"elementor-element elementor-element-88a4208 e-flex e-con-boxed e-con e-child\" data-id=\"88a4208\" data-element_type=\"container\" data-e-type=\"container\">\n\t\t\t\t\t<div class=\"e-con-inner\">\n\t\t\t\t<div class=\"elementor-element elementor-element-46158ac elementor-widget elementor-widget-heading\" data-id=\"46158ac\" data-element_type=\"widget\" data-e-type=\"widget\" data-widget_type=\"heading.default\">\n\t\t\t\t<div class=\"elementor-widget-container\">\n\t\t\t\t\t<h2 class=\"elementor-heading-title elementor-size-default\">Mission<\/h2>\t\t\t\t<\/div>\n\t\t\t\t<\/div>\n\t\t\t\t<div class=\"elementor-element elementor-element-e46ac85 elementor-widget elementor-widget-text-editor\" data-id=\"e46ac85\" data-element_type=\"widget\" data-e-type=\"widget\" data-widget_type=\"text-editor.default\">\n\t\t\t\t<div class=\"elementor-widget-container\">\n\t\t\t\t\t\t\t\t\tThe best way to honor a family heritage is to share it, not allowing it to be lost. Casa Grande unveils this well-kept secret in the middle of nature that, although open to tourism, still preserves the privacy and discretion that has always characterized it.\n\nFeel at home while becoming part of a century-old story.\t\t\t\t\t\t\t\t<\/div>\n\t\t\t\t<\/div>\n\t\t\t\t\t<\/div>\n\t\t\t\t<\/div>\n\t\t\t\t<\/div>\n\t\t<div class=\"elementor-element elementor-element-7cceb2eb e-flex e-con-boxed e-con e-parent\" data-id=\"7cceb2eb\" data-element_type=\"container\" data-e-type=\"container\">\n\t\t\t\t\t<div class=\"e-con-inner\">\n\t\t<div class=\"elementor-element elementor-element-1a650145 e-flex e-con-boxed e-con e-child\" data-id=\"1a650145\" data-element_type=\"container\" data-e-type=\"container\" data-settings=\"{&quot;background_background&quot;:&quot;classic&quot;}\">\n\t\t\t\t\t<div class=\"e-con-inner\">\n\t\t\t\t<div class=\"elementor-element elementor-element-a297d69 elementor-widget elementor-widget-heading\" data-id=\"a297d69\" data-element_type=\"widget\" data-e-type=\"widget\" data-widget_type=\"heading.default\">\n\t\t\t\t<div class=\"elementor-widget-container\">\n\t\t\t\t\t<h3 class=\"elementor-heading-title elementor-size-default\">Book your stay<\/h3>\t\t\t\t<\/div>\n\t\t\t\t<\/div>\n\t\t\t\t<div class=\"elementor-element elementor-element-75f1112 elementor-widget__width-initial elementor-widget elementor-widget-text-editor\" data-id=\"75f1112\" data-element_type=\"widget\" data-e-type=\"widget\" data-widget_type=\"text-editor.default\">\n\t\t\t\t<div class=\"elementor-widget-container\">\n\t\t\t\t\t\t\t\t\tEnjoy a family vacation, a romantic getaway, or a special event, savouring everything Casa Grande has to offer.\t\t\t\t\t\t\t\t<\/div>\n\t\t\t\t<\/div>\n\t\t\t\t<div class=\"elementor-element elementor-element-ddf89c6 elementor-widget elementor-widget-spacer\" data-id=\"ddf89c6\" data-element_type=\"widget\" data-e-type=\"widget\" data-widget_type=\"spacer.default\">\n\t\t\t\t<div class=\"elementor-widget-container\">\n\t\t\t\t\t\t\t<div class=\"elementor-spacer\">\n\t\t\t<div class=\"elementor-spacer-inner\"><\/div>\n\t\t<\/div>\n\t\t\t\t\t\t<\/div>\n\t\t\t\t<\/div>\n\t\t\t\t<div class=\"elementor-element elementor-element-3300613e elementor-widget elementor-widget-button\" data-id=\"3300613e\" data-element_type=\"widget\" data-e-type=\"widget\" data-widget_type=\"button.default\">\n\t\t\t\t<div class=\"elementor-widget-container\">\n\t\t\t\t\t\t\t\t\t<div class=\"elementor-button-wrapper\">\n\t\t\t\t\t<a class=\"elementor-button elementor-button-link elementor-size-sm\" href=\"https:\/\/herdadedoperu.loja-studio.com\/en\/contacte-nos\/\">\n\t\t\t\t\t\t<span class=\"elementor-button-content-wrapper\">\n\t\t\t\t\t\t\t\t\t<span class=\"elementor-button-text\">Book your visit<\/span>\n\t\t\t\t\t<\/span>\n\t\t\t\t\t<\/a>\n\t\t\t\t<\/div>\n\t\t\t\t\t\t\t\t<\/div>\n\t\t\t\t<\/div>\n\t\t\t\t\t<\/div>\n\t\t\t\t<\/div>\n\t\t\t\t\t<\/div>\n\t\t\t\t<\/div>\n\t\t\t\t<\/div>","protected":false},"excerpt":{"rendered":"<p>Onde a sofistica\u00e7\u00e3o encontra a simplicidade Vis\u00e3o A Casa Grande abre ao turismo com o intuito de oferecer estadias memor\u00e1veis, de um n\u00edvel de conforto superior, onde nada \u00e9 deixado ao acaso. A arquitetura e o design dos alojamentos sublinham este prop\u00f3sito, bem como cada pormenor, desde a ementa do pequeno-almo\u00e7o \u00e0 decora\u00e7\u00e3o e \u00e0 [&hellip;]<\/p>\n","protected":false},"author":2,"featured_media":0,"parent":0,"menu_order":0,"comment_status":"closed","ping_status":"closed","template":"","meta":{"_acf_changed":false,"footnotes":""},"class_list":["post-516","page","type-page","status-publish","hentry"],"acf":[],"_links":{"self":[{"href":"https:\/\/herdadedoperu.loja-studio.com\/en\/wp-json\/wp\/v2\/pages\/516","targetHints":{"allow":["GET"]}}],"collection":[{"href":"https:\/\/herdadedoperu.loja-studio.com\/en\/wp-json\/wp\/v2\/pages"}],"about":[{"href":"https:\/\/herdadedoperu.loja-studio.com\/en\/wp-json\/wp\/v2\/types\/page"}],"author":[{"embeddable":true,"href":"https:\/\/herdadedoperu.loja-studio.com\/en\/wp-json\/wp\/v2\/users\/2"}],"replies":[{"embeddable":true,"href":"https:\/\/herdadedoperu.loja-studio.com\/en\/wp-json\/wp\/v2\/comments?post=516"}],"version-history":[{"count":0,"href":"https:\/\/herdadedoperu.loja-studio.com\/en\/wp-json\/wp\/v2\/pages\/516\/revisions"}],"wp:attachment":[{"href":"https:\/\/herdadedoperu.loja-studio.com\/en\/wp-json\/wp\/v2\/media?parent=516"}],"curies":[{"name":"wp","href":"https:\/\/api.w.org\/{rel}","templated":true}]}}