{"id":3769,"date":"2022-06-23T13:42:25","date_gmt":"2022-06-23T13:42:25","guid":{"rendered":"https:\/\/herdadedoperu.loja-studio.com\/?page_id=3769"},"modified":"2026-02-17T12:30:29","modified_gmt":"2026-02-17T12:30:29","slug":"eventos","status":"publish","type":"page","link":"https:\/\/herdadedoperu.loja-studio.com\/en\/eventos\/","title":{"rendered":"Events"},"content":{"rendered":"\t\t<div data-elementor-type=\"wp-page\" data-elementor-id=\"3769\" class=\"elementor elementor-3769\" data-elementor-post-type=\"page\">\n\t\t\t\t<div class=\"elementor-element elementor-element-e24cd49 e-flex e-con-boxed e-con e-parent\" data-id=\"e24cd49\" data-element_type=\"container\" data-e-type=\"container\" data-settings=\"{&quot;background_background&quot;:&quot;classic&quot;}\">\n\t\t\t\t\t<div class=\"e-con-inner\">\n\t\t\t\t\t<\/div>\n\t\t\t\t<\/div>\n\t\t<div class=\"elementor-element elementor-element-7e70156 e-flex e-con-boxed e-con e-parent\" data-id=\"7e70156\" data-element_type=\"container\" data-e-type=\"container\">\n\t\t\t\t\t<div class=\"e-con-inner\">\n\t\t\t\t<div class=\"elementor-element elementor-element-d083044 elementor-widget__width-initial elementor-widget elementor-widget-heading\" data-id=\"d083044\" data-element_type=\"widget\" data-e-type=\"widget\" data-widget_type=\"heading.default\">\n\t\t\t\t<div class=\"elementor-widget-container\">\n\t\t\t\t\t<h2 class=\"elementor-heading-title elementor-size-default\">Eventos que ficam para a vida<\/h2>\t\t\t\t<\/div>\n\t\t\t\t<\/div>\n\t\t\t\t<div class=\"elementor-element elementor-element-44b7dfd elementor-widget-tablet__width-initial elementor-widget elementor-widget-text-editor\" data-id=\"44b7dfd\" data-element_type=\"widget\" data-e-type=\"widget\" data-widget_type=\"text-editor.default\">\n\t\t\t\t<div class=\"elementor-widget-container\">\n\t\t\t\t\t\t\t\t\tA Casa Grande reune as \u00e1reas, a equipa e a experi\u00eancia necess\u00e1rias para idealizar e concretizar eventos \u00fanicos.\t\t\t\t\t\t\t\t<\/div>\n\t\t\t\t<\/div>\n\t\t\t\t\t<\/div>\n\t\t\t\t<\/div>\n\t\t<div class=\"elementor-element elementor-element-45504ec e-con-full e-flex e-con e-parent\" data-id=\"45504ec\" data-element_type=\"container\" data-e-type=\"container\">\n\t\t<div class=\"elementor-element elementor-element-f067f3c e-flex e-con-boxed e-con e-child\" data-id=\"f067f3c\" data-element_type=\"container\" data-e-type=\"container\">\n\t\t\t\t\t<div class=\"e-con-inner\">\n\t\t\t\t<div class=\"elementor-element elementor-element-63ac09a elementor-widget elementor-widget-image\" data-id=\"63ac09a\" data-element_type=\"widget\" data-e-type=\"widget\" data-widget_type=\"image.default\">\n\t\t\t\t<div class=\"elementor-widget-container\">\n\t\t\t\t\t\t\t\t\t\t\t\t\t\t\t<img fetchpriority=\"high\" decoding=\"async\" width=\"2476\" height=\"1536\" src=\"https:\/\/herdadedoperu.loja-studio.com\/wp-content\/uploads\/2022\/06\/Captura-de-ecra\u0303-2018-07-02-a\u0300s-15.34.17.jpg\" class=\"attachment-full size-full wp-image-3774\" alt=\"\" srcset=\"https:\/\/herdadedoperu.loja-studio.com\/wp-content\/uploads\/2022\/06\/Captura-de-ecra\u0303-2018-07-02-a\u0300s-15.34.17.jpg 2476w, https:\/\/herdadedoperu.loja-studio.com\/wp-content\/uploads\/2022\/06\/Captura-de-ecra\u0303-2018-07-02-a\u0300s-15.34.17-300x186.jpg 300w, https:\/\/herdadedoperu.loja-studio.com\/wp-content\/uploads\/2022\/06\/Captura-de-ecra\u0303-2018-07-02-a\u0300s-15.34.17-1024x635.jpg 1024w, https:\/\/herdadedoperu.loja-studio.com\/wp-content\/uploads\/2022\/06\/Captura-de-ecra\u0303-2018-07-02-a\u0300s-15.34.17-768x476.jpg 768w, https:\/\/herdadedoperu.loja-studio.com\/wp-content\/uploads\/2022\/06\/Captura-de-ecra\u0303-2018-07-02-a\u0300s-15.34.17-1536x953.jpg 1536w, https:\/\/herdadedoperu.loja-studio.com\/wp-content\/uploads\/2022\/06\/Captura-de-ecra\u0303-2018-07-02-a\u0300s-15.34.17-2048x1270.jpg 2048w, https:\/\/herdadedoperu.loja-studio.com\/wp-content\/uploads\/2022\/06\/Captura-de-ecra\u0303-2018-07-02-a\u0300s-15.34.17-820x510.jpg 820w\" sizes=\"(max-width: 2476px) 100vw, 2476px\" \/>\t\t\t\t\t\t\t\t\t\t\t\t\t\t\t<\/div>\n\t\t\t\t<\/div>\n\t\t\t\t\t<\/div>\n\t\t\t\t<\/div>\n\t\t<div class=\"elementor-element elementor-element-2dcd217 e-flex e-con-boxed e-con e-child\" data-id=\"2dcd217\" data-element_type=\"container\" data-e-type=\"container\">\n\t\t\t\t\t<div class=\"e-con-inner\">\n\t\t\t\t<div class=\"elementor-element elementor-element-83d42d9 elementor-widget elementor-widget-heading\" data-id=\"83d42d9\" data-element_type=\"widget\" data-e-type=\"widget\" data-widget_type=\"heading.default\">\n\t\t\t\t<div class=\"elementor-widget-container\">\n\t\t\t\t\t<h2 class=\"elementor-heading-title elementor-size-default\">Casar com vista para a Arr\u00e1bida<\/h2>\t\t\t\t<\/div>\n\t\t\t\t<\/div>\n\t\t\t\t<div class=\"elementor-element elementor-element-b94a5c2 elementor-widget elementor-widget-text-editor\" data-id=\"b94a5c2\" data-element_type=\"widget\" data-e-type=\"widget\" data-widget_type=\"text-editor.default\">\n\t\t\t\t<div class=\"elementor-widget-container\">\n\t\t\t\t\t\t\t\t\t<p>As \u00e1reas exteriores e interiores da Herdade do Per\u00fa apresentam-se com um esplendor cl\u00e1ssico, ponteado de apontamentos contempor\u00e2neos. Perfeitas tanto para o copo de \u00e1gua do casamento mais intimista, como para as maiores celebra\u00e7\u00f5es, convidam-no a festejar num jardim com vista panor\u00e2mica, onde cada detalhe \u00e9 composto \u00e0 sua medida, para o seu dia mais especial.<\/p><p>Desejando prolongar a magia at\u00e9 tarde, as Suites Pateo s\u00e3o uma \u00f3tima escolha para se retirar e repousar ap\u00f3s um dia de emo\u00e7\u00f5es fortes.<\/p>\t\t\t\t\t\t\t\t<\/div>\n\t\t\t\t<\/div>\n\t\t\t\t<div class=\"elementor-element elementor-element-cd2877e elementor-widget elementor-widget-button\" data-id=\"cd2877e\" data-element_type=\"widget\" data-e-type=\"widget\" data-widget_type=\"button.default\">\n\t\t\t\t<div class=\"elementor-widget-container\">\n\t\t\t\t\t\t\t\t\t<div class=\"elementor-button-wrapper\">\n\t\t\t\t\t<a class=\"elementor-button elementor-button-link elementor-size-sm\" href=\"https:\/\/herdadedoperu.loja-studio.com\/partilhe-connosco-o-seu-evento-de-sonho\/\">\n\t\t\t\t\t\t<span class=\"elementor-button-content-wrapper\">\n\t\t\t\t\t\t\t\t\t<span class=\"elementor-button-text\">Marque j\u00e1 a sua visita<\/span>\n\t\t\t\t\t<\/span>\n\t\t\t\t\t<\/a>\n\t\t\t\t<\/div>\n\t\t\t\t\t\t\t\t<\/div>\n\t\t\t\t<\/div>\n\t\t\t\t\t<\/div>\n\t\t\t\t<\/div>\n\t\t\t\t<\/div>\n\t\t<div class=\"elementor-element elementor-element-b1f89bc e-con-full e-flex e-con e-parent\" data-id=\"b1f89bc\" data-element_type=\"container\" data-e-type=\"container\">\n\t\t<div class=\"elementor-element elementor-element-3fe976a e-flex e-con-boxed e-con e-child\" data-id=\"3fe976a\" data-element_type=\"container\" data-e-type=\"container\">\n\t\t\t\t\t<div class=\"e-con-inner\">\n\t\t\t\t<div class=\"elementor-element elementor-element-0e225b6 elementor-widget elementor-widget-heading\" data-id=\"0e225b6\" data-element_type=\"widget\" data-e-type=\"widget\" data-widget_type=\"heading.default\">\n\t\t\t\t<div class=\"elementor-widget-container\">\n\t\t\t\t\t<h2 class=\"elementor-heading-title elementor-size-default\">Eventos ao ar livre<\/h2>\t\t\t\t<\/div>\n\t\t\t\t<\/div>\n\t\t\t\t<div class=\"elementor-element elementor-element-11b34e4 elementor-widget elementor-widget-text-editor\" data-id=\"11b34e4\" data-element_type=\"widget\" data-e-type=\"widget\" data-widget_type=\"text-editor.default\">\n\t\t\t\t<div class=\"elementor-widget-container\">\n\t\t\t\t\t\t\t\t\t<p>Seja para uma sess\u00e3o de team building, forma\u00e7\u00e3o, reuni\u00e3o ou para a festa anual da empresa, na Herdade do Per\u00fa encontra tudo o que procura para criar momentos memor\u00e1veis, que aproximam colaboradores, clientes e equipas.<\/p><p>Os vers\u00e1teis espa\u00e7os da Casa Grande permitem desfrutar de um vasto leque de op\u00e7\u00f5es, que podem incluir estadia por diversos dias, catering personalizado ou contrata\u00e7\u00e3o de artistas.<\/p>\t\t\t\t\t\t\t\t<\/div>\n\t\t\t\t<\/div>\n\t\t\t\t<div class=\"elementor-element elementor-element-0b96b82 elementor-align-right elementor-mobile-align-left elementor-widget elementor-widget-button\" data-id=\"0b96b82\" data-element_type=\"widget\" data-e-type=\"widget\" data-widget_type=\"button.default\">\n\t\t\t\t<div class=\"elementor-widget-container\">\n\t\t\t\t\t\t\t\t\t<div class=\"elementor-button-wrapper\">\n\t\t\t\t\t<a class=\"elementor-button elementor-button-link elementor-size-sm\" href=\"https:\/\/herdadedoperu.loja-studio.com\/partilhe-connosco-o-seu-evento-de-sonho\/\">\n\t\t\t\t\t\t<span class=\"elementor-button-content-wrapper\">\n\t\t\t\t\t\t\t\t\t<span class=\"elementor-button-text\">Pe\u00e7a mais informa\u00e7\u00f5es<\/span>\n\t\t\t\t\t<\/span>\n\t\t\t\t\t<\/a>\n\t\t\t\t<\/div>\n\t\t\t\t\t\t\t\t<\/div>\n\t\t\t\t<\/div>\n\t\t\t\t\t<\/div>\n\t\t\t\t<\/div>\n\t\t<div class=\"elementor-element elementor-element-e803ca2 e-flex e-con-boxed e-con e-child\" data-id=\"e803ca2\" data-element_type=\"container\" data-e-type=\"container\">\n\t\t\t\t\t<div class=\"e-con-inner\">\n\t\t\t\t<div class=\"elementor-element elementor-element-874839b elementor-widget elementor-widget-image\" data-id=\"874839b\" data-element_type=\"widget\" data-e-type=\"widget\" data-settings=\"{&quot;motion_fx_motion_fx_scrolling&quot;:&quot;yes&quot;,&quot;motion_fx_opacity_effect&quot;:&quot;yes&quot;,&quot;motion_fx_opacity_range&quot;:{&quot;unit&quot;:&quot;%&quot;,&quot;size&quot;:&quot;&quot;,&quot;sizes&quot;:{&quot;start&quot;:0,&quot;end&quot;:25}},&quot;motion_fx_opacity_direction&quot;:&quot;out-in&quot;,&quot;motion_fx_opacity_level&quot;:{&quot;unit&quot;:&quot;px&quot;,&quot;size&quot;:10,&quot;sizes&quot;:[]},&quot;motion_fx_devices&quot;:[&quot;desktop&quot;,&quot;laptop&quot;,&quot;tablet&quot;,&quot;mobile&quot;]}\" data-widget_type=\"image.default\">\n\t\t\t\t<div class=\"elementor-widget-container\">\n\t\t\t\t\t\t\t\t\t\t\t\t\t\t\t<img decoding=\"async\" width=\"2048\" height=\"1365\" src=\"https:\/\/herdadedoperu.loja-studio.com\/wp-content\/uploads\/2023\/03\/High_19052022-Backed-0009.jpg\" class=\"attachment-full size-full wp-image-7354\" alt=\"\" srcset=\"https:\/\/herdadedoperu.loja-studio.com\/wp-content\/uploads\/2023\/03\/High_19052022-Backed-0009.jpg 2048w, https:\/\/herdadedoperu.loja-studio.com\/wp-content\/uploads\/2023\/03\/High_19052022-Backed-0009-300x200.jpg 300w, https:\/\/herdadedoperu.loja-studio.com\/wp-content\/uploads\/2023\/03\/High_19052022-Backed-0009-1024x683.jpg 1024w, https:\/\/herdadedoperu.loja-studio.com\/wp-content\/uploads\/2023\/03\/High_19052022-Backed-0009-768x512.jpg 768w, https:\/\/herdadedoperu.loja-studio.com\/wp-content\/uploads\/2023\/03\/High_19052022-Backed-0009-1536x1024.jpg 1536w\" sizes=\"(max-width: 2048px) 100vw, 2048px\" \/>\t\t\t\t\t\t\t\t\t\t\t\t\t\t\t<\/div>\n\t\t\t\t<\/div>\n\t\t\t\t\t<\/div>\n\t\t\t\t<\/div>\n\t\t\t\t<\/div>\n\t\t<div class=\"elementor-element elementor-element-c79cf30 e-con-full e-flex e-con e-parent\" data-id=\"c79cf30\" data-element_type=\"container\" data-e-type=\"container\">\n\t\t<div class=\"elementor-element elementor-element-3da78b5 e-flex e-con-boxed e-con e-child\" data-id=\"3da78b5\" data-element_type=\"container\" data-e-type=\"container\">\n\t\t\t\t\t<div class=\"e-con-inner\">\n\t\t\t\t<div class=\"elementor-element elementor-element-624dbd3 elementor-widget elementor-widget-image\" data-id=\"624dbd3\" data-element_type=\"widget\" data-e-type=\"widget\" data-widget_type=\"image.default\">\n\t\t\t\t<div class=\"elementor-widget-container\">\n\t\t\t\t\t\t\t\t\t\t\t\t\t\t\t<img decoding=\"async\" width=\"800\" height=\"1004\" src=\"https:\/\/herdadedoperu.loja-studio.com\/wp-content\/uploads\/2023\/01\/VOGUE-Madonna-Portugal-816x1024.webp\" class=\"attachment-large size-large wp-image-5737\" alt=\"\" srcset=\"https:\/\/herdadedoperu.loja-studio.com\/wp-content\/uploads\/2023\/01\/VOGUE-Madonna-Portugal-816x1024.webp 816w, https:\/\/herdadedoperu.loja-studio.com\/wp-content\/uploads\/2023\/01\/VOGUE-Madonna-Portugal-239x300.webp 239w, https:\/\/herdadedoperu.loja-studio.com\/wp-content\/uploads\/2023\/01\/VOGUE-Madonna-Portugal-768x964.webp 768w, https:\/\/herdadedoperu.loja-studio.com\/wp-content\/uploads\/2023\/01\/VOGUE-Madonna-Portugal-1224x1536.webp 1224w, https:\/\/herdadedoperu.loja-studio.com\/wp-content\/uploads\/2023\/01\/VOGUE-Madonna-Portugal-1631x2048.webp 1631w, https:\/\/herdadedoperu.loja-studio.com\/wp-content\/uploads\/2023\/01\/VOGUE-Madonna-Portugal-scaled.webp 2039w\" sizes=\"(max-width: 800px) 100vw, 800px\" \/>\t\t\t\t\t\t\t\t\t\t\t\t\t\t\t<\/div>\n\t\t\t\t<\/div>\n\t\t\t\t\t<\/div>\n\t\t\t\t<\/div>\n\t\t<div class=\"elementor-element elementor-element-83ca7fb e-flex e-con-boxed e-con e-child\" data-id=\"83ca7fb\" data-element_type=\"container\" data-e-type=\"container\">\n\t\t\t\t\t<div class=\"e-con-inner\">\n\t\t\t\t<div class=\"elementor-element elementor-element-7cd9f93 elementor-widget elementor-widget-heading\" data-id=\"7cd9f93\" data-element_type=\"widget\" data-e-type=\"widget\" data-widget_type=\"heading.default\">\n\t\t\t\t<div class=\"elementor-widget-container\">\n\t\t\t\t\t<h2 class=\"elementor-heading-title elementor-size-default\">Inaugura\u00e7\u00f5es, sess\u00f5es fotogr\u00e1ficas e ocasi\u00f5es especiais<\/h2>\t\t\t\t<\/div>\n\t\t\t\t<\/div>\n\t\t\t\t<div class=\"elementor-element elementor-element-d150ae5 elementor-widget elementor-widget-text-editor\" data-id=\"d150ae5\" data-element_type=\"widget\" data-e-type=\"widget\" data-widget_type=\"text-editor.default\">\n\t\t\t\t<div class=\"elementor-widget-container\">\n\t\t\t\t\t\t\t\t\t<p>Na Casa Grande h\u00e1 lugar para inaugura\u00e7\u00f5es exclusivas cheias de estilo, seja ele mais cl\u00e1ssico ou mais contempor\u00e2neo. \u00c9 um local que se adapta ao que procura e que se prop\u00f5e sempre a exceder expetativas.<\/p><p>Em 2018, a Vogue It\u00e1lia escolheu a Herdade do Per\u00fa como cen\u00e1rio para uma sess\u00e3o fotogr\u00e1fica com a Madonna. Tal como a t\u00e3o celebrada revista, tamb\u00e9m in\u00fameros fot\u00f3grafos e artistas t\u00eam escolhido os jardins ou os alojamentos da herdade para plano de fundo das suas exposi\u00e7\u00f5es, inaugura\u00e7\u00f5es e festejos.<\/p>\t\t\t\t\t\t\t\t<\/div>\n\t\t\t\t<\/div>\n\t\t\t\t<div class=\"elementor-element elementor-element-52286df elementor-widget elementor-widget-button\" data-id=\"52286df\" data-element_type=\"widget\" data-e-type=\"widget\" data-widget_type=\"button.default\">\n\t\t\t\t<div class=\"elementor-widget-container\">\n\t\t\t\t\t\t\t\t\t<div class=\"elementor-button-wrapper\">\n\t\t\t\t\t<a class=\"elementor-button elementor-button-link elementor-size-sm\" href=\"https:\/\/herdadedoperu.loja-studio.com\/partilhe-connosco-o-seu-evento-de-sonho\/\">\n\t\t\t\t\t\t<span class=\"elementor-button-content-wrapper\">\n\t\t\t\t\t\t\t\t\t<span class=\"elementor-button-text\">Visite os Venues<\/span>\n\t\t\t\t\t<\/span>\n\t\t\t\t\t<\/a>\n\t\t\t\t<\/div>\n\t\t\t\t\t\t\t\t<\/div>\n\t\t\t\t<\/div>\n\t\t\t\t\t<\/div>\n\t\t\t\t<\/div>\n\t\t\t\t<\/div>\n\t\t<div class=\"elementor-element elementor-element-89e527a e-con-full e-flex e-con e-parent\" data-id=\"89e527a\" data-element_type=\"container\" data-e-type=\"container\" data-settings=\"{&quot;background_background&quot;:&quot;classic&quot;}\">\n\t\t<div class=\"elementor-element elementor-element-1c6c7f1 e-flex e-con-boxed e-con e-child\" data-id=\"1c6c7f1\" data-element_type=\"container\" data-e-type=\"container\">\n\t\t\t\t\t<div class=\"e-con-inner\">\n\t\t\t\t<div class=\"elementor-element elementor-element-e7f8a42 elementor-widget__width-initial elementor-widget elementor-widget-heading\" data-id=\"e7f8a42\" data-element_type=\"widget\" data-e-type=\"widget\" data-widget_type=\"heading.default\">\n\t\t\t\t<div class=\"elementor-widget-container\">\n\t\t\t\t\t<h2 class=\"elementor-heading-title elementor-size-default\">Eventos realizados<\/h2>\t\t\t\t<\/div>\n\t\t\t\t<\/div>\n\t\t\t\t<div class=\"elementor-element elementor-element-f5852e0 elementor-widget elementor-widget-text-editor\" data-id=\"f5852e0\" data-element_type=\"widget\" data-e-type=\"widget\" data-widget_type=\"text-editor.default\">\n\t\t\t\t<div class=\"elementor-widget-container\">\n\t\t\t\t\t\t\t\t\tA versatilidade que caracteriza os incont\u00e1veis recantos da Casa Grande<br> permite dar palco aos mais diferentes eventos, de concertos a batizados.\t\t\t\t\t\t\t\t<\/div>\n\t\t\t\t<\/div>\n\t\t\t\t\t<\/div>\n\t\t\t\t<\/div>\n\t\t<div class=\"elementor-element elementor-element-e20df9b e-con-full e-flex e-con e-child\" data-id=\"e20df9b\" data-element_type=\"container\" data-e-type=\"container\">\n\t\t\t\t<div class=\"elementor-element elementor-element-650758a elementor-widget elementor-widget-image-carousel\" data-id=\"650758a\" data-element_type=\"widget\" data-e-type=\"widget\" data-settings=\"{&quot;slides_to_show&quot;:&quot;4&quot;,&quot;navigation&quot;:&quot;none&quot;,&quot;lazyload&quot;:&quot;yes&quot;,&quot;image_spacing_custom&quot;:{&quot;unit&quot;:&quot;px&quot;,&quot;size&quot;:30,&quot;sizes&quot;:[]},&quot;slides_to_show_mobile&quot;:&quot;1&quot;,&quot;autoplay_speed&quot;:1500,&quot;autoplay&quot;:&quot;yes&quot;,&quot;pause_on_hover&quot;:&quot;yes&quot;,&quot;pause_on_interaction&quot;:&quot;yes&quot;,&quot;infinite&quot;:&quot;yes&quot;,&quot;speed&quot;:500,&quot;image_spacing_custom_laptop&quot;:{&quot;unit&quot;:&quot;px&quot;,&quot;size&quot;:&quot;&quot;,&quot;sizes&quot;:[]},&quot;image_spacing_custom_tablet&quot;:{&quot;unit&quot;:&quot;px&quot;,&quot;size&quot;:&quot;&quot;,&quot;sizes&quot;:[]}}\" data-widget_type=\"image-carousel.default\">\n\t\t\t\t<div class=\"elementor-widget-container\">\n\t\t\t\t\t\t\t<div class=\"elementor-image-carousel-wrapper swiper\" role=\"region\" aria-roledescription=\"carousel\" aria-label=\"Image Carousel\" dir=\"ltr\">\n\t\t\t<div class=\"elementor-image-carousel swiper-wrapper\" aria-live=\"off\">\n\t\t\t\t\t\t\t\t<div class=\"swiper-slide\" role=\"group\" aria-roledescription=\"slide\" aria-label=\"1 of 11\"><figure class=\"swiper-slide-inner\"><img class=\"swiper-slide-image swiper-lazy\" data-src=\"https:\/\/herdadedoperu.loja-studio.com\/wp-content\/uploads\/2022\/09\/D38C15E2-D0F9-47D2-8582-E7AAB170BB7E.jpeg\" alt=\"D38C15E2-D0F9-47D2-8582-E7AAB170BB7E\" \/><div class=\"swiper-lazy-preloader\"><\/div><\/figure><\/div><div class=\"swiper-slide\" role=\"group\" aria-roledescription=\"slide\" aria-label=\"2 of 11\"><figure class=\"swiper-slide-inner\"><img class=\"swiper-slide-image swiper-lazy\" data-src=\"https:\/\/herdadedoperu.loja-studio.com\/wp-content\/uploads\/2022\/09\/34267450-E94D-45AA-8B78-333C7636620B.jpeg\" alt=\"34267450-E94D-45AA-8B78-333C7636620B\" \/><div class=\"swiper-lazy-preloader\"><\/div><\/figure><\/div><div class=\"swiper-slide\" role=\"group\" aria-roledescription=\"slide\" aria-label=\"3 of 11\"><figure class=\"swiper-slide-inner\"><img class=\"swiper-slide-image swiper-lazy\" data-src=\"https:\/\/herdadedoperu.loja-studio.com\/wp-content\/uploads\/2022\/09\/B9A4EB47-D7AF-4200-9BF5-496FCAAB3C54.jpeg\" alt=\"B9A4EB47-D7AF-4200-9BF5-496FCAAB3C54\" \/><div class=\"swiper-lazy-preloader\"><\/div><\/figure><\/div><div class=\"swiper-slide\" role=\"group\" aria-roledescription=\"slide\" aria-label=\"4 of 11\"><figure class=\"swiper-slide-inner\"><img class=\"swiper-slide-image swiper-lazy\" data-src=\"https:\/\/herdadedoperu.loja-studio.com\/wp-content\/uploads\/2022\/09\/A21806C9-9050-44D0-9E49-A6CE322AB412.jpeg\" alt=\"A21806C9-9050-44D0-9E49-A6CE322AB412\" \/><div class=\"swiper-lazy-preloader\"><\/div><\/figure><\/div><div class=\"swiper-slide\" role=\"group\" aria-roledescription=\"slide\" aria-label=\"5 of 11\"><figure class=\"swiper-slide-inner\"><img class=\"swiper-slide-image swiper-lazy\" data-src=\"https:\/\/herdadedoperu.loja-studio.com\/wp-content\/uploads\/2022\/09\/62617BAB-EA56-42F6-8A6B-FA3324750EA8.jpeg\" alt=\"62617BAB-EA56-42F6-8A6B-FA3324750EA8\" \/><div class=\"swiper-lazy-preloader\"><\/div><\/figure><\/div><div class=\"swiper-slide\" role=\"group\" aria-roledescription=\"slide\" aria-label=\"6 of 11\"><figure class=\"swiper-slide-inner\"><img class=\"swiper-slide-image swiper-lazy\" data-src=\"https:\/\/herdadedoperu.loja-studio.com\/wp-content\/uploads\/2022\/09\/23B984C8-EDB7-4675-9C7A-C67956844456.jpeg\" alt=\"23B984C8-EDB7-4675-9C7A-C67956844456\" \/><div class=\"swiper-lazy-preloader\"><\/div><\/figure><\/div><div class=\"swiper-slide\" role=\"group\" aria-roledescription=\"slide\" aria-label=\"7 of 11\"><figure class=\"swiper-slide-inner\"><img class=\"swiper-slide-image swiper-lazy\" data-src=\"https:\/\/herdadedoperu.loja-studio.com\/wp-content\/uploads\/2022\/09\/46826CE4-7FB8-45F1-BF37-707A5A7E6DF1.jpeg\" alt=\"46826CE4-7FB8-45F1-BF37-707A5A7E6DF1\" \/><div class=\"swiper-lazy-preloader\"><\/div><\/figure><\/div><div class=\"swiper-slide\" role=\"group\" aria-roledescription=\"slide\" aria-label=\"8 of 11\"><figure class=\"swiper-slide-inner\"><img class=\"swiper-slide-image swiper-lazy\" data-src=\"https:\/\/herdadedoperu.loja-studio.com\/wp-content\/uploads\/2023\/03\/DSC_0037-scaled.jpeg\" alt=\"DSC_0037\" \/><div class=\"swiper-lazy-preloader\"><\/div><\/figure><\/div><div class=\"swiper-slide\" role=\"group\" aria-roledescription=\"slide\" aria-label=\"9 of 11\"><figure class=\"swiper-slide-inner\"><img class=\"swiper-slide-image swiper-lazy\" data-src=\"https:\/\/herdadedoperu.loja-studio.com\/wp-content\/uploads\/2023\/03\/High_19052022-Backed-0009.jpg\" alt=\"High_19052022-Backed-0009\" \/><div class=\"swiper-lazy-preloader\"><\/div><\/figure><\/div><div class=\"swiper-slide\" role=\"group\" aria-roledescription=\"slide\" aria-label=\"10 of 11\"><figure class=\"swiper-slide-inner\"><img class=\"swiper-slide-image swiper-lazy\" data-src=\"https:\/\/herdadedoperu.loja-studio.com\/wp-content\/uploads\/2023\/03\/High_20052022-Backed-4423.jpg\" alt=\"High_20052022-Backed-4423\" \/><div class=\"swiper-lazy-preloader\"><\/div><\/figure><\/div><div class=\"swiper-slide\" role=\"group\" aria-roledescription=\"slide\" aria-label=\"11 of 11\"><figure class=\"swiper-slide-inner\"><img class=\"swiper-slide-image swiper-lazy\" data-src=\"https:\/\/herdadedoperu.loja-studio.com\/wp-content\/uploads\/2023\/03\/High_19052022-Backed-1403.jpg\" alt=\"High_19052022-Backed-1403\" \/><div class=\"swiper-lazy-preloader\"><\/div><\/figure><\/div>\t\t\t<\/div>\n\t\t\t\t\t\t\t\n\t\t\t\t\t\t\t\t\t<\/div>\n\t\t\t\t\t\t<\/div>\n\t\t\t\t<\/div>\n\t\t\t\t<\/div>\n\t\t\t\t<\/div>\n\t\t<div class=\"elementor-element elementor-element-387fbee8 e-flex e-con-boxed e-con e-parent\" data-id=\"387fbee8\" data-element_type=\"container\" data-e-type=\"container\">\n\t\t\t\t\t<div class=\"e-con-inner\">\n\t\t<div class=\"elementor-element elementor-element-6b985ea8 e-flex e-con-boxed e-con e-child\" data-id=\"6b985ea8\" data-element_type=\"container\" data-e-type=\"container\" data-settings=\"{&quot;background_background&quot;:&quot;classic&quot;}\">\n\t\t\t\t\t<div class=\"e-con-inner\">\n\t\t\t\t<div class=\"elementor-element elementor-element-a5659da elementor-widget__width-initial elementor-widget elementor-widget-heading\" data-id=\"a5659da\" data-element_type=\"widget\" data-e-type=\"widget\" data-widget_type=\"heading.default\">\n\t\t\t\t<div class=\"elementor-widget-container\">\n\t\t\t\t\t<h2 class=\"elementor-heading-title elementor-size-default\">Planeie o seu evento em ambientes \u00fanicos<\/h2>\t\t\t\t<\/div>\n\t\t\t\t<\/div>\n\t\t\t\t<div class=\"elementor-element elementor-element-4893d8a elementor-widget__width-initial elementor-widget elementor-widget-text-editor\" data-id=\"4893d8a\" data-element_type=\"widget\" data-e-type=\"widget\" data-widget_type=\"text-editor.default\">\n\t\t\t\t<div class=\"elementor-widget-container\">\n\t\t\t\t\t\t\t\t\tCriamos experi\u00eancias inesquec\u00edveis que unem a beleza natural dos nossos espa\u00e7os com o conceito do seu evento.\t\t\t\t\t\t\t\t<\/div>\n\t\t\t\t<\/div>\n\t\t\t\t<div class=\"elementor-element elementor-element-73a1aa7 elementor-widget elementor-widget-spacer\" data-id=\"73a1aa7\" data-element_type=\"widget\" data-e-type=\"widget\" data-widget_type=\"spacer.default\">\n\t\t\t\t<div class=\"elementor-widget-container\">\n\t\t\t\t\t\t\t<div class=\"elementor-spacer\">\n\t\t\t<div class=\"elementor-spacer-inner\"><\/div>\n\t\t<\/div>\n\t\t\t\t\t\t<\/div>\n\t\t\t\t<\/div>\n\t\t\t\t<div class=\"elementor-element elementor-element-1e7d563b elementor-widget elementor-widget-button\" data-id=\"1e7d563b\" data-element_type=\"widget\" data-e-type=\"widget\" data-widget_type=\"button.default\">\n\t\t\t\t<div class=\"elementor-widget-container\">\n\t\t\t\t\t\t\t\t\t<div class=\"elementor-button-wrapper\">\n\t\t\t\t\t<a class=\"elementor-button elementor-button-link elementor-size-sm\" href=\"https:\/\/herdadedoperu.loja-studio.com\/partilhe-connosco-o-seu-evento-de-sonho\/\">\n\t\t\t\t\t\t<span class=\"elementor-button-content-wrapper\">\n\t\t\t\t\t\t\t\t\t<span class=\"elementor-button-text\">Marque j\u00e1 a sua visita<\/span>\n\t\t\t\t\t<\/span>\n\t\t\t\t\t<\/a>\n\t\t\t\t<\/div>\n\t\t\t\t\t\t\t\t<\/div>\n\t\t\t\t<\/div>\n\t\t\t\t\t<\/div>\n\t\t\t\t<\/div>\n\t\t\t\t\t<\/div>\n\t\t\t\t<\/div>\n\t\t\t\t<\/div>\n\t\t","protected":false},"excerpt":{"rendered":"<p>Eventos que ficam para a vida A Casa Grande reune as \u00e1reas, a equipa e a experi\u00eancia necess\u00e1rias para idealizar e concretizar eventos \u00fanicos. Casar com vista para a Arr\u00e1bida As \u00e1reas exteriores e interiores da Herdade do Per\u00fa apresentam-se com um esplendor cl\u00e1ssico, ponteado de apontamentos contempor\u00e2neos. Perfeitas tanto para o copo de \u00e1gua [&hellip;]<\/p>\n","protected":false},"author":2,"featured_media":0,"parent":0,"menu_order":0,"comment_status":"closed","ping_status":"closed","template":"","meta":{"_acf_changed":false,"footnotes":""},"class_list":["post-3769","page","type-page","status-publish","hentry"],"acf":[],"_links":{"self":[{"href":"https:\/\/herdadedoperu.loja-studio.com\/en\/wp-json\/wp\/v2\/pages\/3769","targetHints":{"allow":["GET"]}}],"collection":[{"href":"https:\/\/herdadedoperu.loja-studio.com\/en\/wp-json\/wp\/v2\/pages"}],"about":[{"href":"https:\/\/herdadedoperu.loja-studio.com\/en\/wp-json\/wp\/v2\/types\/page"}],"author":[{"embeddable":true,"href":"https:\/\/herdadedoperu.loja-studio.com\/en\/wp-json\/wp\/v2\/users\/2"}],"replies":[{"embeddable":true,"href":"https:\/\/herdadedoperu.loja-studio.com\/en\/wp-json\/wp\/v2\/comments?post=3769"}],"version-history":[{"count":0,"href":"https:\/\/herdadedoperu.loja-studio.com\/en\/wp-json\/wp\/v2\/pages\/3769\/revisions"}],"wp:attachment":[{"href":"https:\/\/herdadedoperu.loja-studio.com\/en\/wp-json\/wp\/v2\/media?parent=3769"}],"curies":[{"name":"wp","href":"https:\/\/api.w.org\/{rel}","templated":true}]}}